{"id":6,"date":"2021-06-02T10:38:39","date_gmt":"2021-06-02T10:38:39","guid":{"rendered":"https:\/\/widespain.com\/?page_id=6"},"modified":"2025-05-16T06:29:50","modified_gmt":"2025-05-16T06:29:50","slug":"home","status":"publish","type":"page","link":"https:\/\/widespain.com\/es\/","title":{"rendered":"Home"},"content":{"rendered":"<div class=\"wpb-content-wrapper\">[vc_row full_width=\u00bbstretch_row_content_no_spaces\u00bb remove_bottom_col_margin=\u00bbtrue\u00bb][vc_column]<div class=\"avt_masterslider_el \" >\n\t\t<!-- MasterSlider -->\n\t\t<div id=\"P_MS69e9bbfd03cc4\" class=\"master-slider-parent ms-parent-id-3\" style=\"\" >\n\n\t\t\t\n\t\t\t<!-- MasterSlider Main -->\n\t\t\t<div id=\"MS69e9bbfd03cc4\" class=\"master-slider ms-skin-default\" >\n\t\t\t\t \t\t\t\t \n\n\t\t\t<div  class=\"ms-slide\" data-delay=\"5\" data-fill-mode=\"fill\"  data-id=\"slide1\"  >\n\t\t\t\t\t<img decoding=\"async\" src=\"https:\/\/widespain.com\/wp-content\/plugins\/masterslider\/public\/assets\/css\/blank.gif\" alt=\"\" title=\"offroad-bg-slide1\" data-src=\"https:\/\/widespain.com\/wp-content\/uploads\/2021\/06\/carrousel_wide_web.jpg\" \/>\n\n\t\t\t\t\t<div  class=\"ms-layer  msp-cn-165-26\" style=\"\"   data-effect=\"t(true,100,n,n,n,n,n,n,n,n,n,n,n,n,n)\" data-duration=\"2000\" data-delay=\"800\" data-ease=\"easeOutQuint\"                data-offset-x=\"97\" data-offset-y=\"197\" data-origin=\"tl\"   >\nCLIMATIZACI\u00d3N WIDE<\/div>\n\n\t\t\t\t\t<div  class=\"ms-layer  msp-cn-165-28\" style=\"\"   data-effect=\"t(true,180,n,n,n,n,n,n,n,n,n,n,n,n,n)\" data-duration=\"2000\" data-delay=\"1200\" data-ease=\"easeOutQuint\"                data-offset-x=\"96\" data-offset-y=\"300\" data-origin=\"tl\"   >\n<p>M\u00c1XIMO CONFORT Y <br \/>AHORRO ENERG\u00c9TICO<\/p><\/div>\n\n\n\t\t\t\t<\/div>\n\n\t\t\t<\/div>\n\t\t\t<!-- END MasterSlider Main -->\n\n\t\t\t \n\t\t<\/div>\n\t\t<!-- END MasterSlider -->\n\n\t\t<script>\n\t\t( window.MSReady = window.MSReady || [] ).push( function( $ ) {\n\n\t\t\t\"use strict\";\n\t\t\tvar masterslider_3cc4 = new MasterSlider();\n\n\t\t\t\/\/ slider controls\n\t\t\t\/\/ slider setup\n\t\t\tmasterslider_3cc4.setup(\"MS69e9bbfd03cc4\", {\n\t\t\t\twidth           : 1366,\n\t\t\t\theight          : 768,\n\t\t\t\tminHeight       : 0,\n\t\t\t\tspace           : 0,\n\t\t\t\tstart           : 1,\n\t\t\t\tgrabCursor      : false,\n\t\t\t\tswipe           : false,\n\t\t\t\tmouse           : false,\n\t\t\t\tkeyboard        : false,\n\t\t\t\tlayout          : \"fullwidth\",\n\t\t\t\twheel           : false,\n\t\t\t\tautoplay        : false,\n                instantStartLayers:false,\n\t\t\t\tmobileBGVideo:false,\n\t\t\t\tloop            : false,\n\t\t\t\tshuffle         : false,\n\t\t\t\tpreload         : 0,\n\t\t\t\theightLimit     : true,\n\t\t\t\tautoHeight      : false,\n\t\t\t\tsmoothHeight    : true,\n\t\t\t\tendPause        : false,\n\t\t\t\toverPause       : false,\n\t\t\t\tfillMode        : \"fill\",\n\t\t\t\tcenterControls  : false,\n\t\t\t\tstartOnAppear   : false,\n\t\t\t\tlayersMode      : \"center\",\n\t\t\t\tautofillTarget  : \"\",\n\t\t\t\thideLayers      : false,\n\t\t\t\tfullscreenMargin: 0,\n\t\t\t\tspeed           : 20,\n\t\t\t\tdir             : \"h\",\n\t\t\t\tresponsive      : true,\n\t\t\t\ttabletWidth     : 768,\n\t\t\t\ttabletHeight    : null,\n\t\t\t\tphoneWidth      : 480,\n\t\t\t\tphoneHeight    : null,\n\t\t\t\tsizingReference : window,\n\t\t\t\tparallaxMode    : 'swipe',\n\t\t\t\tview            : \"parallaxMask\"\n\t\t\t});\n\n\t\t\t\n\t\t\twindow.masterslider_instances = window.masterslider_instances || [];\n\t\t\twindow.masterslider_instances.push( masterslider_3cc4 );\n\t\t});\n\t\t<\/script>\n\n<\/div>[\/vc_column][\/vc_row][vc_row column_spacing=\u00bb60&#8243; gap=\u00bb35&#8243; css=\u00bb.vc_custom_1620214199855{padding-top: 60px !important;padding-bottom: 20px !important;}\u00bb][vc_column width=\u00bb1\/2&#8243;][vc_custom_heading text=\u00bbWidespain\u00bb font_container=\u00bbtag:h1|text_align:left\u00bb use_theme_fonts=\u00bbyes\u00bb][vc_empty_space][vc_column_text css=\u00bb\u00bb]Queremos asegurar que respirar aire puro en tu hogar, local, negocio, en cualquier espacio interior sea una realidad con Wide.<\/p>\n<p>Climatizaci\u00f3n que vela por el bienestar de la sociedad, ofreciendo tecnolog\u00edas y soluciones que cuidan de las personas. Un producto que cuida el dise\u00f1o, la eficiencia y ofrece la mejor relaci\u00f3n calidad-precio.[\/vc_column_text][\/vc_column][vc_column width=\u00bb1\/2&#8243;][vc_single_image image=\u00bb197&#8243;][\/vc_column][\/vc_row][vc_row column_spacing=\u00bb40&#8243;][vc_column][vc_custom_heading text=\u00bbNuestros productos\u00bb use_theme_fonts=\u00bbyes\u00bb][vc_empty_space]<div class=\"carousel-slider-outer carousel-slider-outer-image-carousel carousel-slider-outer-46\" style=\"--carousel-slider-nav-color:#f1f1f1;--carousel-slider-active-nav-color:#00d1b2;--carousel-slider-arrow-size:48px;--carousel-slider-bullet-size:10px\">\n<div id=\"&#039;id-46\" class=\"carousel-slider carousel-slider-46 arrows-visibility-hover dots-visibility-never arrows-outside dots-center dots-square owl-carousel\" data-slide-type=\"image-carousel\" data-owl-settings='{\"nav\":true,\"dots\":false,\"slideBy\":1,\"stagePadding\":0,\"margin\":10,\"loop\":true,\"lazyLoad\":false,\"autoplay\":true,\"autoplayTimeout\":5000,\"autoplaySpeed\":500,\"autoplayHoverPause\":false,\"autoWidth\":false,\"responsive\":{\"300\":{\"items\":1},\"576\":{\"items\":2},\"768\":{\"items\":2},\"1024\":{\"items\":3},\"1280\":{\"items\":4},\"1536\":{\"items\":5}}}'>\n<div class=\"carousel-slider__item\">\n\t<a href=\"https:\/\/widespain.com\/es\/split-iulan-3\/\" target=\"_self\"><img loading=\"lazy\" decoding=\"async\" width=\"400\" height=\"400\" src=\"https:\/\/widespain.com\/wp-content\/uploads\/2021\/06\/wide_iulan3_1-400x400.jpg\" class=\"attachment-medium size-medium\" alt=\"\" srcset=\"https:\/\/widespain.com\/wp-content\/uploads\/2021\/06\/wide_iulan3_1-400x400.jpg 400w, https:\/\/widespain.com\/wp-content\/uploads\/2021\/06\/wide_iulan3_1-1024x1024.jpg 1024w, https:\/\/widespain.com\/wp-content\/uploads\/2021\/06\/wide_iulan3_1-150x150.jpg 150w, https:\/\/widespain.com\/wp-content\/uploads\/2021\/06\/wide_iulan3_1-768x768.jpg 768w, https:\/\/widespain.com\/wp-content\/uploads\/2021\/06\/wide_iulan3_1.jpg 1200w\" sizes=\"auto, (max-width: 400px) 100vw, 400px\" \/><div class=\"carousel-slider__caption\"><h4 class=\"title\">Split IULAN 3<\/h4><\/div><\/a><\/div>\n\n<div class=\"carousel-slider__item\">\n\t<a href=\"https:\/\/widespain.com\/es\/split-eco\/\" target=\"_self\"><img loading=\"lazy\" decoding=\"async\" width=\"400\" height=\"400\" src=\"https:\/\/widespain.com\/wp-content\/uploads\/2021\/06\/wide_eco_1-400x400.jpg\" class=\"attachment-medium size-medium\" alt=\"\" srcset=\"https:\/\/widespain.com\/wp-content\/uploads\/2021\/06\/wide_eco_1-400x400.jpg 400w, https:\/\/widespain.com\/wp-content\/uploads\/2021\/06\/wide_eco_1-1024x1024.jpg 1024w, https:\/\/widespain.com\/wp-content\/uploads\/2021\/06\/wide_eco_1-150x150.jpg 150w, https:\/\/widespain.com\/wp-content\/uploads\/2021\/06\/wide_eco_1-768x768.jpg 768w, https:\/\/widespain.com\/wp-content\/uploads\/2021\/06\/wide_eco_1.jpg 1200w\" sizes=\"auto, (max-width: 400px) 100vw, 400px\" \/><div class=\"carousel-slider__caption\"><h4 class=\"title\">Split ECO<\/h4><\/div><\/a><\/div>\n\n<div class=\"carousel-slider__item\">\n\t<a href=\"https:\/\/widespain.com\/es\/multisplit-iulan\/\" target=\"_self\"><img loading=\"lazy\" decoding=\"async\" width=\"400\" height=\"400\" src=\"https:\/\/widespain.com\/wp-content\/uploads\/2021\/06\/wide_multi_1-400x400.jpg\" class=\"attachment-medium size-medium\" alt=\"\" srcset=\"https:\/\/widespain.com\/wp-content\/uploads\/2021\/06\/wide_multi_1-400x400.jpg 400w, https:\/\/widespain.com\/wp-content\/uploads\/2021\/06\/wide_multi_1-1024x1024.jpg 1024w, https:\/\/widespain.com\/wp-content\/uploads\/2021\/06\/wide_multi_1-150x150.jpg 150w, https:\/\/widespain.com\/wp-content\/uploads\/2021\/06\/wide_multi_1-768x768.jpg 768w, https:\/\/widespain.com\/wp-content\/uploads\/2021\/06\/wide_multi_1.jpg 1200w\" sizes=\"auto, (max-width: 400px) 100vw, 400px\" \/><div class=\"carousel-slider__caption\"><h4 class=\"title\">Multisplit IULAN<\/h4><\/div><\/a><\/div>\n\n<div class=\"carousel-slider__item\">\n\t<a href=\"https:\/\/widespain.com\/es\/portatil-marin\/\" target=\"_self\"><img loading=\"lazy\" decoding=\"async\" width=\"400\" height=\"400\" src=\"https:\/\/widespain.com\/wp-content\/uploads\/2021\/06\/wide_marin_1-400x400.jpg\" class=\"attachment-medium size-medium\" alt=\"\" srcset=\"https:\/\/widespain.com\/wp-content\/uploads\/2021\/06\/wide_marin_1-400x400.jpg 400w, https:\/\/widespain.com\/wp-content\/uploads\/2021\/06\/wide_marin_1-1024x1024.jpg 1024w, https:\/\/widespain.com\/wp-content\/uploads\/2021\/06\/wide_marin_1-150x150.jpg 150w, https:\/\/widespain.com\/wp-content\/uploads\/2021\/06\/wide_marin_1-768x768.jpg 768w, https:\/\/widespain.com\/wp-content\/uploads\/2021\/06\/wide_marin_1.jpg 1200w\" sizes=\"auto, (max-width: 400px) 100vw, 400px\" \/><div class=\"carousel-slider__caption\"><h4 class=\"title\">Port\u00e1til Marin<\/h4><\/div><\/a><\/div>\n\n<div class=\"carousel-slider__item\">\n\t<a href=\"https:\/\/widespain.com\/es\/portatil-marin-r9\/\" target=\"_self\"><img loading=\"lazy\" decoding=\"async\" width=\"400\" height=\"400\" src=\"https:\/\/widespain.com\/wp-content\/uploads\/2021\/06\/wide_marin09_1-400x400.jpg\" class=\"attachment-medium size-medium\" alt=\"\" srcset=\"https:\/\/widespain.com\/wp-content\/uploads\/2021\/06\/wide_marin09_1-400x400.jpg 400w, https:\/\/widespain.com\/wp-content\/uploads\/2021\/06\/wide_marin09_1-1024x1024.jpg 1024w, https:\/\/widespain.com\/wp-content\/uploads\/2021\/06\/wide_marin09_1-150x150.jpg 150w, https:\/\/widespain.com\/wp-content\/uploads\/2021\/06\/wide_marin09_1-768x768.jpg 768w, https:\/\/widespain.com\/wp-content\/uploads\/2021\/06\/wide_marin09_1.jpg 1200w\" sizes=\"auto, (max-width: 400px) 100vw, 400px\" \/><div class=\"carousel-slider__caption\"><h4 class=\"title\">Port\u00e1til Marin R9<\/h4><\/div><\/a><\/div>\n\n<div class=\"carousel-slider__item\">\n\t<a href=\"https:\/\/widespain.com\/es\/portatil-yukon\/\" target=\"_self\"><img loading=\"lazy\" decoding=\"async\" width=\"400\" height=\"400\" src=\"https:\/\/widespain.com\/wp-content\/uploads\/2021\/06\/wide_yukon_1-400x400.jpg\" class=\"attachment-medium size-medium\" alt=\"\" srcset=\"https:\/\/widespain.com\/wp-content\/uploads\/2021\/06\/wide_yukon_1-400x400.jpg 400w, https:\/\/widespain.com\/wp-content\/uploads\/2021\/06\/wide_yukon_1-1024x1024.jpg 1024w, https:\/\/widespain.com\/wp-content\/uploads\/2021\/06\/wide_yukon_1-150x150.jpg 150w, https:\/\/widespain.com\/wp-content\/uploads\/2021\/06\/wide_yukon_1-768x768.jpg 768w, https:\/\/widespain.com\/wp-content\/uploads\/2021\/06\/wide_yukon_1.jpg 1200w\" sizes=\"auto, (max-width: 400px) 100vw, 400px\" \/><div class=\"carousel-slider__caption\"><h4 class=\"title\">Port\u00e1til Yukon<\/h4><\/div><\/a><\/div>\n\n<div class=\"carousel-slider__item\">\n\t<img loading=\"lazy\" decoding=\"async\" width=\"400\" height=\"400\" src=\"https:\/\/widespain.com\/wp-content\/uploads\/2021\/06\/wide_marin12_1-400x400.jpg\" class=\"attachment-medium size-medium\" alt=\"\" srcset=\"https:\/\/widespain.com\/wp-content\/uploads\/2021\/06\/wide_marin12_1-400x400.jpg 400w, https:\/\/widespain.com\/wp-content\/uploads\/2021\/06\/wide_marin12_1-1024x1024.jpg 1024w, https:\/\/widespain.com\/wp-content\/uploads\/2021\/06\/wide_marin12_1-150x150.jpg 150w, https:\/\/widespain.com\/wp-content\/uploads\/2021\/06\/wide_marin12_1-768x768.jpg 768w, https:\/\/widespain.com\/wp-content\/uploads\/2021\/06\/wide_marin12_1.jpg 1200w\" sizes=\"auto, (max-width: 400px) 100vw, 400px\" \/><div class=\"carousel-slider__caption\"><h4 class=\"title\">Marin R290<\/h4><\/div><\/a><\/div>\n\n<\/div><!-- .carousel-slider-46 -->\n<\/div><!-- .carousel-slider-outer-46 -->\n[\/vc_column][\/vc_row][vc_row column_spacing=\u00bb40&#8243;][vc_column][vc_empty_space][vc_custom_heading text=\u00bb\u00bfDonde comprar?\u00bb use_theme_fonts=\u00bbyes\u00bb][\/vc_column][\/vc_row][vc_row full_width=\u00bbstretch_row_content_no_spaces\u00bb][vc_column][vc_raw_html css=\u00bb.vc_custom_1620223711011{margin-top: -20px !important;margin-bottom: -39px !important;}\u00bb]JTVCbWFwcHJlc3MlMjBtYXBpZCUzRCUyMjElMjIlNUQ=[\/vc_raw_html][\/vc_column][\/vc_row]\n<\/div>","protected":false},"excerpt":{"rendered":"<p>[vc_row full_width=\u00bbstretch_row_content_no_spaces\u00bb remove_bottom_col_margin=\u00bbtrue\u00bb][vc_column][\/vc_column][\/vc_row][vc_row column_spacing=\u00bb60&#8243; gap=\u00bb35&#8243; css=\u00bb.vc_custom_1620214199855{padding-top: 60px !important;padding-bottom: 20px !important;}\u00bb][vc_column width=\u00bb1\/2&#8243;][vc_custom_heading text=\u00bbWidespain\u00bb font_container=\u00bbtag:h1|text_align:left\u00bb use_theme_fonts=\u00bbyes\u00bb][vc_empty_space][vc_column_text css=\u00bb\u00bb]Queremos asegurar que respirar aire puro en tu hogar, local, negocio, en cualquier espacio interior sea una realidad con Wide. Climatizaci\u00f3n que vela por el bienestar&hellip;<\/p>\n","protected":false},"author":2,"featured_media":0,"parent":0,"menu_order":0,"comment_status":"closed","ping_status":"closed","template":"","meta":{"footnotes":""},"class_list":["post-6","page","type-page","status-publish","hentry","entry","no-media"],"_links":{"self":[{"href":"https:\/\/widespain.com\/es\/wp-json\/wp\/v2\/pages\/6","targetHints":{"allow":["GET"]}}],"collection":[{"href":"https:\/\/widespain.com\/es\/wp-json\/wp\/v2\/pages"}],"about":[{"href":"https:\/\/widespain.com\/es\/wp-json\/wp\/v2\/types\/page"}],"author":[{"embeddable":true,"href":"https:\/\/widespain.com\/es\/wp-json\/wp\/v2\/users\/2"}],"replies":[{"embeddable":true,"href":"https:\/\/widespain.com\/es\/wp-json\/wp\/v2\/comments?post=6"}],"version-history":[{"count":12,"href":"https:\/\/widespain.com\/es\/wp-json\/wp\/v2\/pages\/6\/revisions"}],"predecessor-version":[{"id":221,"href":"https:\/\/widespain.com\/es\/wp-json\/wp\/v2\/pages\/6\/revisions\/221"}],"wp:attachment":[{"href":"https:\/\/widespain.com\/es\/wp-json\/wp\/v2\/media?parent=6"}],"curies":[{"name":"wp","href":"https:\/\/api.w.org\/{rel}","templated":true}]}}