{"id":72,"date":"2021-06-04T11:08:11","date_gmt":"2021-06-04T11:08:11","guid":{"rendered":"https:\/\/widespain.com\/?page_id=72"},"modified":"2021-06-10T06:42:16","modified_gmt":"2021-06-10T06:42:16","slug":"split-iulan-3","status":"publish","type":"page","link":"https:\/\/widespain.com\/es\/split-iulan-3\/","title":{"rendered":"Split IULAN 3"},"content":{"rendered":"<div class=\"wpb-content-wrapper\">[vc_row][vc_column width=\u00bb5\/12&#8243;]<div class=\"wpex-slider-preloaderimg \"><img loading=\"lazy\" decoding=\"async\" data-no-lazy=\"1\" class=\"skip-lazy\" src=\"https:\/\/widespain.com\/wp-content\/uploads\/2021\/06\/wide_iulan3_1.jpg\" alt=\"\" width=\"1200\" height=\"1200\" \/><\/div><div class=\"vcex-module wpex-slider slider-pro no-margin-thumbnails vcex-image-gallery-slider wpex-clr\" data-thumbnails=\"true\" data-thumbnail-height=\"auto\" data-auto-play-delay=\"5000\" data-animation-speed=\"600\" data-height-animation-duration=\"500\"><div class=\"wpex-slider-slides sp-slides\"><div class=\"wpex-slider-slide sp-slide\"><div class=\"wpex-slider-media\"><img loading=\"lazy\" decoding=\"async\" data-no-lazy=\"1\" class=\"skip-lazy\" src=\"https:\/\/widespain.com\/wp-content\/uploads\/2021\/06\/wide_iulan3_1.jpg\" alt=\"\" width=\"1200\" height=\"1200\" \/><\/div><\/div><div class=\"wpex-slider-slide sp-slide\"><div class=\"wpex-slider-media\"><img loading=\"lazy\" decoding=\"async\" data-no-lazy=\"1\" class=\"skip-lazy\" src=\"https:\/\/widespain.com\/wp-content\/uploads\/2021\/06\/wide_iulan3_2.jpg\" alt=\"\" width=\"1200\" height=\"1200\" \/><\/div><\/div><div class=\"wpex-slider-slide sp-slide\"><div class=\"wpex-slider-media\"><img loading=\"lazy\" decoding=\"async\" data-no-lazy=\"1\" class=\"skip-lazy\" src=\"https:\/\/widespain.com\/wp-content\/uploads\/2021\/06\/wide_iulan3_3.jpg\" alt=\"\" width=\"1200\" height=\"1200\" \/><\/div><\/div><div class=\"wpex-slider-slide sp-slide\"><div class=\"wpex-slider-media\"><img loading=\"lazy\" decoding=\"async\" data-no-lazy=\"1\" class=\"skip-lazy\" src=\"https:\/\/widespain.com\/wp-content\/uploads\/2021\/06\/wide_iulan3_4.jpg\" alt=\"\" width=\"1200\" height=\"1200\" \/><\/div><\/div><\/div><div class=\"wpex-slider-thumbnails sp-nc-thumbnails cols-5\"><img loading=\"lazy\" decoding=\"async\" data-no-lazy=\"1\" class=\"wpex-slider-thumbnail sp-nc-thumbnail skip-lazy\" src=\"https:\/\/widespain.com\/wp-content\/uploads\/2021\/06\/wide_iulan3_1.jpg\" alt=\"\" width=\"1200\" height=\"1200\" \/><img loading=\"lazy\" decoding=\"async\" data-no-lazy=\"1\" class=\"wpex-slider-thumbnail sp-nc-thumbnail skip-lazy\" src=\"https:\/\/widespain.com\/wp-content\/uploads\/2021\/06\/wide_iulan3_2.jpg\" alt=\"\" width=\"1200\" height=\"1200\" \/><img loading=\"lazy\" decoding=\"async\" data-no-lazy=\"1\" class=\"wpex-slider-thumbnail sp-nc-thumbnail skip-lazy\" src=\"https:\/\/widespain.com\/wp-content\/uploads\/2021\/06\/wide_iulan3_3.jpg\" alt=\"\" width=\"1200\" height=\"1200\" \/><img loading=\"lazy\" decoding=\"async\" data-no-lazy=\"1\" class=\"wpex-slider-thumbnail sp-nc-thumbnail skip-lazy\" src=\"https:\/\/widespain.com\/wp-content\/uploads\/2021\/06\/wide_iulan3_4.jpg\" alt=\"\" width=\"1200\" height=\"1200\" \/><\/div><\/div>[\/vc_column][vc_column width=\u00bb2\/12&#8243;][\/vc_column][vc_column width=\u00bb5\/12&#8243;][vc_custom_heading text=\u00bbSplit IULAN 3&#8243; font_container=\u00bbtag:h1|text_align:left\u00bb use_theme_fonts=\u00bbyes\u00bb][vc_empty_space][vc_column_text]\n<ul>\n<li><strong>Sistema DC Inverter. <\/strong><\/li>\n<li><strong>Funci\u00f3n iFeel:<\/strong> El mando a distancia incorpora una sonda de temperatura ambiente que permite al usuario controlar la temperatura del equipo teniendo en cuenta el lugar exacto donde se encuentra ubicado el mando. De esta forma la temperatura de la unidad interior se adaptar\u00e1 a la temperatura detectada por el mando. El usuario podr\u00e1 ubicar el mando en el lugar en el que desee mantener la temperatura seleccionada en el equipo.<\/li>\n<li><strong>Golden Fin<\/strong><\/li>\n<li><strong>Gran distancia de instalaci\u00f3n<\/strong><\/li>\n<li>Dispone de un <strong>Detector de fugas<\/strong> de gas refrigerante.<\/li>\n<li><strong>Bomba de calor 8\u00baC<\/strong><\/li>\n<li><strong>Auto-limpieza:<\/strong> Una vez apagada la m\u00e1quina, el ventilador interior se mantiene en funcionamiento durante un corto periodo de tiempo para secar los componentes de la m\u00e1quina y mantenerla en \u00f3ptimas condiciones Temporizador<\/li>\n<li><strong>Auto-restart:<\/strong> En el caso de que haya un corte en el suministro el\u00e9ctrico el aparato se reinicia autom\u00e1ticamente con la misma configuraci\u00f3n y modo de antes del corte.<\/li>\n<li><strong>Modo noche:<\/strong> Con esta funci\u00f3n el equipo adapta la temperatura al periodo de sue\u00f1o para hacerlo m\u00e1s confortable y conseguir un ahorro energ\u00e9tico.<\/li>\n<li><strong>Desag\u00fce por ambos lados<\/strong>: Salida tubo de desag\u00fce configurable por ambos lados<\/li>\n<\/ul>\n[\/vc_column_text][vc_empty_space]<div class=\"vcex-image-grid-wrap wpex-clr\"><div class=\"vcex-module vcex-image-grid wpex-clr grid-style-default wpex-row wpex-lightbox-group\"><div class=\"id-104 vcex-image-grid-entry vcex-grid-item textcenter span_1_of_4 col col-1\"><figure class=\"vcex-image-grid-entry-figure wpex-last-mb-0 wpex-clr\"><div class=\"vcex-image-grid-entry-img entry-media wpex-mb-20\"><a href=\"https:\/\/widespain.com\/wp-content\/uploads\/2021\/06\/seer_A.png\" class=\"vcex-image-grid-entry-img wpex-lightbox-group-item\" ><img decoding=\"async\" loading=\"lazy\" class=\"wpex-align-middle\" src=\"https:\/\/widespain.com\/wp-content\/uploads\/2021\/06\/seer_A.png\" alt=\"\" width=\"81\" height=\"35\" \/><\/a><\/div><\/figure><\/div><div class=\"id-120 vcex-image-grid-entry vcex-grid-item textcenter span_1_of_4 col col-2\"><figure class=\"vcex-image-grid-entry-figure wpex-last-mb-0 wpex-clr\"><div class=\"vcex-image-grid-entry-img entry-media wpex-mb-20\"><a href=\"https:\/\/widespain.com\/wp-content\/uploads\/2021\/06\/scop_A.png\" class=\"vcex-image-grid-entry-img wpex-lightbox-group-item\" ><img decoding=\"async\" loading=\"lazy\" class=\"wpex-align-middle\" src=\"https:\/\/widespain.com\/wp-content\/uploads\/2021\/06\/scop_A.png\" alt=\"\" width=\"81\" height=\"35\" \/><\/a><\/div><\/figure><\/div><div class=\"id-130 vcex-image-grid-entry vcex-grid-item textcenter span_1_of_4 col col-3\"><figure class=\"vcex-image-grid-entry-figure wpex-last-mb-0 wpex-clr\"><div class=\"vcex-image-grid-entry-img entry-media wpex-mb-20\"><a href=\"https:\/\/widespain.com\/wp-content\/uploads\/2021\/06\/scop_warmer_A-2.png\" class=\"vcex-image-grid-entry-img wpex-lightbox-group-item\" ><img decoding=\"async\" loading=\"lazy\" class=\"wpex-align-middle\" src=\"https:\/\/widespain.com\/wp-content\/uploads\/2021\/06\/scop_warmer_A-2.png\" alt=\"\" width=\"81\" height=\"35\" \/><\/a><\/div><\/figure><\/div><\/div><\/div>[vc_empty_space][vc_separator][vc_column_text css=\u00bb.vc_custom_1623051317610{margin-top: 30px !important;margin-bottom: 30px !important;}\u00bb]<a href=\"https:\/\/widespain.com\/docs\/Ficha_tecnica_split_iulan_es.pdf\" target=\"_blank\" rel=\"noopener\">Ficha de producto<\/a>[\/vc_column_text][vc_separator][\/vc_column][\/vc_row]\n<\/div>","protected":false},"excerpt":{"rendered":"<p>[vc_row][vc_column width=\u00bb5\/12&#8243;][\/vc_column][vc_column width=\u00bb2\/12&#8243;][\/vc_column][vc_column width=\u00bb5\/12&#8243;][vc_custom_heading text=\u00bbSplit IULAN 3&#8243; font_container=\u00bbtag:h1|text_align:left\u00bb use_theme_fonts=\u00bbyes\u00bb][vc_empty_space][vc_column_text] Sistema DC Inverter. Funci\u00f3n iFeel: El mando a distancia incorpora una sonda de temperatura ambiente que permite al usuario controlar la temperatura del equipo teniendo en cuenta el lugar exacto donde&hellip;<\/p>\n","protected":false},"author":2,"featured_media":0,"parent":0,"menu_order":0,"comment_status":"closed","ping_status":"closed","template":"","meta":{"footnotes":""},"class_list":["post-72","page","type-page","status-publish","hentry","entry","no-media"],"_links":{"self":[{"href":"https:\/\/widespain.com\/es\/wp-json\/wp\/v2\/pages\/72","targetHints":{"allow":["GET"]}}],"collection":[{"href":"https:\/\/widespain.com\/es\/wp-json\/wp\/v2\/pages"}],"about":[{"href":"https:\/\/widespain.com\/es\/wp-json\/wp\/v2\/types\/page"}],"author":[{"embeddable":true,"href":"https:\/\/widespain.com\/es\/wp-json\/wp\/v2\/users\/2"}],"replies":[{"embeddable":true,"href":"https:\/\/widespain.com\/es\/wp-json\/wp\/v2\/comments?post=72"}],"version-history":[{"count":7,"href":"https:\/\/widespain.com\/es\/wp-json\/wp\/v2\/pages\/72\/revisions"}],"predecessor-version":[{"id":162,"href":"https:\/\/widespain.com\/es\/wp-json\/wp\/v2\/pages\/72\/revisions\/162"}],"wp:attachment":[{"href":"https:\/\/widespain.com\/es\/wp-json\/wp\/v2\/media?parent=72"}],"curies":[{"name":"wp","href":"https:\/\/api.w.org\/{rel}","templated":true}]}}