{"id":75,"date":"2021-06-04T11:08:15","date_gmt":"2021-06-04T11:08:15","guid":{"rendered":"https:\/\/widespain.com\/?page_id=75"},"modified":"2021-06-10T15:44:57","modified_gmt":"2021-06-10T15:44:57","slug":"portatil-marin-r-290","status":"publish","type":"page","link":"https:\/\/widespain.com\/es\/portatil-marin-r-290\/","title":{"rendered":"Port\u00e1til Marin R-290"},"content":{"rendered":"<div class=\"wpb-content-wrapper\">[vc_row][vc_column width=\u00bb5\/12&#8243;]<div class=\"wpex-slider-preloaderimg \"><img loading=\"lazy\" decoding=\"async\" data-no-lazy=\"1\" class=\"skip-lazy\" src=\"https:\/\/widespain.com\/wp-content\/uploads\/2021\/06\/wide_marin12_1.jpg\" alt=\"\" width=\"1200\" height=\"1200\" \/><\/div><div class=\"vcex-module wpex-slider slider-pro no-margin-thumbnails vcex-image-gallery-slider wpex-clr\" data-thumbnails=\"true\" data-thumbnail-height=\"auto\" data-auto-play-delay=\"5000\" data-animation-speed=\"600\" data-height-animation-duration=\"500\"><div class=\"wpex-slider-slides sp-slides\"><div class=\"wpex-slider-slide sp-slide\"><div class=\"wpex-slider-media\"><img loading=\"lazy\" decoding=\"async\" data-no-lazy=\"1\" class=\"skip-lazy\" src=\"https:\/\/widespain.com\/wp-content\/uploads\/2021\/06\/wide_marin12_1.jpg\" alt=\"\" width=\"1200\" height=\"1200\" \/><\/div><\/div><div class=\"wpex-slider-slide sp-slide\"><div class=\"wpex-slider-media\"><img loading=\"lazy\" decoding=\"async\" data-no-lazy=\"1\" class=\"skip-lazy\" src=\"https:\/\/widespain.com\/wp-content\/uploads\/2021\/06\/wide_marin12_2.jpg\" alt=\"\" width=\"1200\" height=\"1200\" \/><\/div><\/div><\/div><div class=\"wpex-slider-thumbnails sp-nc-thumbnails cols-5\"><img loading=\"lazy\" decoding=\"async\" data-no-lazy=\"1\" class=\"wpex-slider-thumbnail sp-nc-thumbnail skip-lazy\" src=\"https:\/\/widespain.com\/wp-content\/uploads\/2021\/06\/wide_marin12_1.jpg\" alt=\"\" width=\"1200\" height=\"1200\" \/><img loading=\"lazy\" decoding=\"async\" data-no-lazy=\"1\" class=\"wpex-slider-thumbnail sp-nc-thumbnail skip-lazy\" src=\"https:\/\/widespain.com\/wp-content\/uploads\/2021\/06\/wide_marin12_2.jpg\" alt=\"\" width=\"1200\" height=\"1200\" \/><\/div><\/div>[\/vc_column][vc_column width=\u00bb2\/12&#8243;][\/vc_column][vc_column width=\u00bb5\/12&#8243;][vc_custom_heading text=\u00bbPort\u00e1til Marin R-290&#8243; font_container=\u00bbtag:h1|text_align:left\u00bb use_theme_fonts=\u00bbyes\u00bb][vc_empty_space][vc_column_text]\n<ul>\n<li><strong>F\u00e1cil de transportar<\/strong>: Gracias a sus reducidas dimensiones y a su asa ubicada en la parte superior es f\u00e1cil su transporte.<\/li>\n<li><strong>Display LED:<\/strong> Muestra temperatura, modo de aire (fr\u00edo\/caliente), estado de funciones (Ej: TURBO on\/off), recordatorio limpieza\/cambio de filtros, en funci\u00f3n de las caracter\u00edsticas del equipo.<\/li>\n<li><strong>F\u00e1cil instalaci\u00f3n:<\/strong> El aparato se caracteriza por su sencillez a la hora de instalarlo o mantenerlo.<\/li>\n<li><strong>Bomba de condensados:<\/strong> La bomba de condensados que incorpora de serie las unidades de conductos, permite elevar el agua producida por la condensaci\u00f3n en la unidad hasta 750 mm o 1200 mm seg\u00fan versiones.<\/li>\n<li><strong>Sistema de evaporaci\u00f3n:<\/strong> Evapora autom\u00e1ticamente el agua condensada evitando as\u00ed el uso continuado del dep\u00f3sito<\/li>\n<li><strong>Mando a distancia:<\/strong> Control y programaci\u00f3n mediante mando inal\u00e1mbrico. Incorporan de serie un mando inal\u00e1mbrico que permite el control de par\u00e1metros como temperatura, velocidad, modo, temporizador&#8230; de las unidades interiores desde cualquier punto cercano a la unidad Kit de ventana incluido<\/li>\n<\/ul>\n[\/vc_column_text][vc_empty_space][vc_empty_space][vc_separator][vc_column_text css=\u00bb.vc_custom_1623051323452{margin-top: 30px !important;margin-bottom: 30px !important;}\u00bb]<a href=\"https:\/\/widespain.com\/docs\/Ficha_tecnica_marin_r290_ES.pdf\" target=\"_blank\" rel=\"noopener\">Ficha de producto<\/a>[\/vc_column_text][vc_separator][\/vc_column][\/vc_row]\n<\/div>","protected":false},"excerpt":{"rendered":"<p>[vc_row][vc_column width=\u00bb5\/12&#8243;][\/vc_column][vc_column width=\u00bb2\/12&#8243;][\/vc_column][vc_column width=\u00bb5\/12&#8243;][vc_custom_heading text=\u00bbPort\u00e1til Marin R-290&#8243; font_container=\u00bbtag:h1|text_align:left\u00bb use_theme_fonts=\u00bbyes\u00bb][vc_empty_space][vc_column_text] F\u00e1cil de transportar: Gracias a sus reducidas dimensiones y a su asa ubicada en la parte superior es f\u00e1cil su transporte. Display LED: Muestra temperatura, modo de aire (fr\u00edo\/caliente), estado de&hellip;<\/p>\n","protected":false},"author":2,"featured_media":0,"parent":0,"menu_order":0,"comment_status":"closed","ping_status":"closed","template":"","meta":{"footnotes":""},"class_list":["post-75","page","type-page","status-publish","hentry","entry","no-media"],"_links":{"self":[{"href":"https:\/\/widespain.com\/es\/wp-json\/wp\/v2\/pages\/75","targetHints":{"allow":["GET"]}}],"collection":[{"href":"https:\/\/widespain.com\/es\/wp-json\/wp\/v2\/pages"}],"about":[{"href":"https:\/\/widespain.com\/es\/wp-json\/wp\/v2\/types\/page"}],"author":[{"embeddable":true,"href":"https:\/\/widespain.com\/es\/wp-json\/wp\/v2\/users\/2"}],"replies":[{"embeddable":true,"href":"https:\/\/widespain.com\/es\/wp-json\/wp\/v2\/comments?post=75"}],"version-history":[{"count":6,"href":"https:\/\/widespain.com\/es\/wp-json\/wp\/v2\/pages\/75\/revisions"}],"predecessor-version":[{"id":204,"href":"https:\/\/widespain.com\/es\/wp-json\/wp\/v2\/pages\/75\/revisions\/204"}],"wp:attachment":[{"href":"https:\/\/widespain.com\/es\/wp-json\/wp\/v2\/media?parent=75"}],"curies":[{"name":"wp","href":"https:\/\/api.w.org\/{rel}","templated":true}]}}