{"id":82,"date":"2021-06-04T11:11:41","date_gmt":"2021-06-04T11:11:41","guid":{"rendered":"https:\/\/widespain.com\/?page_id=82"},"modified":"2021-06-10T09:51:40","modified_gmt":"2021-06-10T09:51:40","slug":"multisplit-iulan","status":"publish","type":"page","link":"https:\/\/widespain.com\/es\/multisplit-iulan\/","title":{"rendered":"Multisplit IULAN"},"content":{"rendered":"<div class=\"wpb-content-wrapper\">[vc_row][vc_column width=\u00bb5\/12&#8243;]<div class=\"wpex-slider-preloaderimg \"><img loading=\"lazy\" decoding=\"async\" data-no-lazy=\"1\" class=\"skip-lazy\" src=\"https:\/\/widespain.com\/wp-content\/uploads\/2021\/06\/wide_multi_1.jpg\" alt=\"\" width=\"1200\" height=\"1200\" \/><\/div><div class=\"vcex-module wpex-slider slider-pro no-margin-thumbnails vcex-image-gallery-slider wpex-clr\" data-thumbnails=\"true\" data-thumbnail-height=\"auto\" data-auto-play-delay=\"5000\" data-animation-speed=\"600\" data-height-animation-duration=\"500\"><div class=\"wpex-slider-slides sp-slides\"><div class=\"wpex-slider-slide sp-slide\"><div class=\"wpex-slider-media\"><img loading=\"lazy\" decoding=\"async\" data-no-lazy=\"1\" class=\"skip-lazy\" src=\"https:\/\/widespain.com\/wp-content\/uploads\/2021\/06\/wide_multi_1.jpg\" alt=\"\" width=\"1200\" height=\"1200\" \/><\/div><\/div><div class=\"wpex-slider-slide sp-slide\"><div class=\"wpex-slider-media\"><img loading=\"lazy\" decoding=\"async\" data-no-lazy=\"1\" class=\"skip-lazy\" src=\"https:\/\/widespain.com\/wp-content\/uploads\/2021\/06\/wide_multi_2.jpg\" alt=\"\" width=\"1200\" height=\"1200\" \/><\/div><\/div><\/div><div class=\"wpex-slider-thumbnails sp-nc-thumbnails cols-5\"><img loading=\"lazy\" decoding=\"async\" data-no-lazy=\"1\" class=\"wpex-slider-thumbnail sp-nc-thumbnail skip-lazy\" src=\"https:\/\/widespain.com\/wp-content\/uploads\/2021\/06\/wide_multi_1.jpg\" alt=\"\" width=\"1200\" height=\"1200\" \/><img loading=\"lazy\" decoding=\"async\" data-no-lazy=\"1\" class=\"wpex-slider-thumbnail sp-nc-thumbnail skip-lazy\" src=\"https:\/\/widespain.com\/wp-content\/uploads\/2021\/06\/wide_multi_2.jpg\" alt=\"\" width=\"1200\" height=\"1200\" \/><\/div><\/div>[\/vc_column][vc_column width=\u00bb2\/12&#8243;][\/vc_column][vc_column width=\u00bb5\/12&#8243;][vc_custom_heading text=\u00bbMultisplit IULAN\u00bb font_container=\u00bbtag:h1|text_align:left\u00bb use_theme_fonts=\u00bbyes\u00bb][vc_empty_space][vc_column_text]\n<ul>\n<li><strong>Sistema DC Inverter.<\/strong><\/li>\n<li><strong>Modo noche:<\/strong> Con esta funci\u00f3n el equipo adapta la temperatura al periodo de sue\u00f1o para hacerlo m\u00e1s confortable y conseguir un ahorro energ\u00e9tico.<\/li>\n<li><strong>Desag\u00fce por ambos lados<\/strong>: Salida tubo de desag\u00fce configurable por ambos lados<\/li>\n<li><strong>Aire en 3D:<\/strong> El movimiento horizontal y vertical de las lamas consigue repartir el flujo de aire de forma homog\u00e9nea en toda la estancia<\/li>\n<li><strong>Filtro de alta densidad<\/strong><\/li>\n<\/ul>\n[\/vc_column_text][vc_empty_space]<div class=\"vcex-image-grid-wrap wpex-clr\"><div class=\"vcex-module vcex-image-grid wpex-clr grid-style-default wpex-row wpex-lightbox-group\"><div class=\"id-104 vcex-image-grid-entry vcex-grid-item textcenter span_1_of_4 col col-1\"><figure class=\"vcex-image-grid-entry-figure wpex-last-mb-0 wpex-clr\"><div class=\"vcex-image-grid-entry-img entry-media wpex-mb-20\"><a href=\"https:\/\/widespain.com\/wp-content\/uploads\/2021\/06\/seer_A.png\" class=\"vcex-image-grid-entry-img wpex-lightbox-group-item\" ><img decoding=\"async\" loading=\"lazy\" class=\"wpex-align-middle\" src=\"https:\/\/widespain.com\/wp-content\/uploads\/2021\/06\/seer_A.png\" alt=\"\" width=\"81\" height=\"35\" \/><\/a><\/div><\/figure><\/div><div class=\"id-120 vcex-image-grid-entry vcex-grid-item textcenter span_1_of_4 col col-2\"><figure class=\"vcex-image-grid-entry-figure wpex-last-mb-0 wpex-clr\"><div class=\"vcex-image-grid-entry-img entry-media wpex-mb-20\"><a href=\"https:\/\/widespain.com\/wp-content\/uploads\/2021\/06\/scop_A.png\" class=\"vcex-image-grid-entry-img wpex-lightbox-group-item\" ><img decoding=\"async\" loading=\"lazy\" class=\"wpex-align-middle\" src=\"https:\/\/widespain.com\/wp-content\/uploads\/2021\/06\/scop_A.png\" alt=\"\" width=\"81\" height=\"35\" \/><\/a><\/div><\/figure><\/div><\/div><\/div>[vc_empty_space][vc_separator][vc_column_text css=\u00bb.vc_custom_1623051294778{margin-top: 30px !important;margin-bottom: 30px !important;}\u00bb]<a href=\"https:\/\/widespain.com\/docs\/Ficha_tecnica_multisplit_ES.pdf\" target=\"_blank\" rel=\"noopener\">Ficha de producto<\/a>[\/vc_column_text][vc_separator][\/vc_column][\/vc_row]\n<\/div>","protected":false},"excerpt":{"rendered":"<p>[vc_row][vc_column width=\u00bb5\/12&#8243;][\/vc_column][vc_column width=\u00bb2\/12&#8243;][\/vc_column][vc_column width=\u00bb5\/12&#8243;][vc_custom_heading text=\u00bbMultisplit IULAN\u00bb font_container=\u00bbtag:h1|text_align:left\u00bb use_theme_fonts=\u00bbyes\u00bb][vc_empty_space][vc_column_text] Sistema DC Inverter. Modo noche: Con esta funci\u00f3n el equipo adapta la temperatura al periodo de sue\u00f1o para hacerlo m\u00e1s confortable y conseguir un ahorro energ\u00e9tico. Desag\u00fce por ambos lados: Salida tubo&hellip;<\/p>\n","protected":false},"author":2,"featured_media":0,"parent":0,"menu_order":0,"comment_status":"closed","ping_status":"closed","template":"","meta":{"footnotes":""},"class_list":["post-82","page","type-page","status-publish","hentry","entry","no-media"],"_links":{"self":[{"href":"https:\/\/widespain.com\/es\/wp-json\/wp\/v2\/pages\/82","targetHints":{"allow":["GET"]}}],"collection":[{"href":"https:\/\/widespain.com\/es\/wp-json\/wp\/v2\/pages"}],"about":[{"href":"https:\/\/widespain.com\/es\/wp-json\/wp\/v2\/types\/page"}],"author":[{"embeddable":true,"href":"https:\/\/widespain.com\/es\/wp-json\/wp\/v2\/users\/2"}],"replies":[{"embeddable":true,"href":"https:\/\/widespain.com\/es\/wp-json\/wp\/v2\/comments?post=82"}],"version-history":[{"count":6,"href":"https:\/\/widespain.com\/es\/wp-json\/wp\/v2\/pages\/82\/revisions"}],"predecessor-version":[{"id":192,"href":"https:\/\/widespain.com\/es\/wp-json\/wp\/v2\/pages\/82\/revisions\/192"}],"wp:attachment":[{"href":"https:\/\/widespain.com\/es\/wp-json\/wp\/v2\/media?parent=82"}],"curies":[{"name":"wp","href":"https:\/\/api.w.org\/{rel}","templated":true}]}}